{"id":5246,"date":"2010-03-14T11:51:09","date_gmt":"2010-03-14T10:51:09","guid":{"rendered":"http:\/\/www.enduro.nl\/?page_id=5246"},"modified":"2022-03-26T21:55:46","modified_gmt":"2022-03-26T20:55:46","slug":"ek-en-wk-verslagen","status":"publish","type":"page","link":"https:\/\/enduro.nl\/wordpress-enduronlnewsite\/ek-en-wk-verslagen\/","title":{"rendered":"EK en WK verslagen"},"content":{"rendered":"<ul class=\"display-posts-listing\"><li class=\"listing-item\"><a class=\"title\" href=\"https:\/\/enduro.nl\/wordpress-enduronlnewsite\/47986\/2021-ek-onk-enduro-1-2-oktober-hellendoorn-nederland\/\">2021 EK\/ONK enduro, 1 &#8211; 2 oktober, Hellendoorn, Nederland<\/a><\/li><li class=\"listing-item\"><a class=\"title\" href=\"https:\/\/enduro.nl\/wordpress-enduronlnewsite\/47733\/2021-ek-enduro-18-19-september-piekoszow-polen\/\">2021 EK enduro, 18 &#8211; 19 september, Piekoszow, Polen<\/a><\/li><li class=\"listing-item\"><a class=\"title\" href=\"https:\/\/enduro.nl\/wordpress-enduronlnewsite\/47221\/2021-ek-enduro-7-8-augustus-kozojedy-tsjechie\/\">2021 EK enduro, 7 &#8211; 8 augustus, Kozojedy, Tsjechi\u00eb<\/a><\/li><li class=\"listing-item\"><a class=\"title\" href=\"https:\/\/enduro.nl\/wordpress-enduronlnewsite\/47282\/2021-ek-enduro-17-18-april-castel-di-tora-italie\/\">2021 EK enduro, 17 \u2013 18 april, Castel di Tora, Itali\u00eb<\/a><\/li><li class=\"listing-item\"><a class=\"title\" href=\"https:\/\/enduro.nl\/wordpress-enduronlnewsite\/44999\/2019-ek-enduro-6-7-8-september-heinola-finland\/\">2019 EK enduro, 6-7-8 september, Heinola, Finland<\/a><\/li><li class=\"listing-item\"><a class=\"title\" href=\"https:\/\/enduro.nl\/wordpress-enduronlnewsite\/43716\/2019-ek-enduro-29-30-juni-madona-letland\/\">2019 EK enduro, 29 &#8211; 30 juni, Madona, Letland<\/a><\/li><li class=\"listing-item\"><a class=\"title\" href=\"https:\/\/enduro.nl\/wordpress-enduronlnewsite\/43495\/2019-ek-enduro-18-19-mei-brezno-slowakije\/\">2019 EK enduro, 18 &#8211; 19 mei, Brezno, Slowakije<\/a><\/li><li class=\"listing-item\"><a class=\"title\" href=\"https:\/\/enduro.nl\/wordpress-enduronlnewsite\/43159\/2019-ek-enduro-6-7-april-gois-portugal\/\">2019 EK enduro, 6 \u2013 7 april, Go\u00eds, Portugal<\/a><\/li><li class=\"listing-item\"><a class=\"title\" href=\"https:\/\/enduro.nl\/wordpress-enduronlnewsite\/43026\/2019-wk-enduro-23-24-maart-dahlen-duitsland\/\">2019 WK enduro 23 &#8211; 24 maart, Dahlen, Duitsland<\/a><\/li><li class=\"listing-item\"><a class=\"title\" href=\"https:\/\/enduro.nl\/wordpress-enduronlnewsite\/41652\/2018-ek-enduro-finale-14-16-september-kielce-polen\/\">2018 EK enduro finale, 14 \u2013 16 september, Kielce, Polen<\/a><\/li><li class=\"listing-item\"><a class=\"title\" href=\"https:\/\/enduro.nl\/wordpress-enduronlnewsite\/41300\/2018-ek-enduro-11-12-augustus-skovde-zweden\/\">2018 EK enduro, 11 \u2013 12 augustus, Sk\u00f6vde, Zweden<\/a><\/li><li class=\"listing-item\"><a class=\"title\" href=\"https:\/\/enduro.nl\/wordpress-enduronlnewsite\/41088\/2018-ek-enduro-19-20-mei-bacau-roemenie\/\">2018 EK enduro, 19 \u2013 20 mei, Bacau, Roemeni\u00eb<\/a><\/li><li class=\"listing-item\"><a class=\"title\" href=\"https:\/\/enduro.nl\/wordpress-enduronlnewsite\/41083\/2018-ek-enduro-14-15-april-fabriano-italie\/\">2018 EK enduro, 14 \u2013 15 april, Fabriano, Itali\u00eb<\/a><\/li><li class=\"listing-item\"><a class=\"title\" href=\"https:\/\/enduro.nl\/wordpress-enduronlnewsite\/39208\/2017-ek-enduro-finale-13-15-oktober-gelnica-slowakije\/\">2017 EK enduro finale, 13 &#8211; 15 oktober, Gelnica, Slowakije<\/a><\/li><li class=\"listing-item\"><a class=\"title\" href=\"https:\/\/enduro.nl\/wordpress-enduronlnewsite\/39036\/2017-ek-enduro-5-6-augustus-burg-duitsland\/\">2017 EK enduro, 5-6 augustus, Burg, Duitsland<\/a><\/li><li class=\"listing-item\"><a class=\"title\" href=\"https:\/\/enduro.nl\/wordpress-enduronlnewsite\/38470\/2017-ek-enduro-8-9-juli-paikuse-estland\/\">2017 EK enduro, 8-9 juli, Paikuse, Estland<\/a><\/li><li class=\"listing-item\"><a class=\"title\" href=\"https:\/\/enduro.nl\/wordpress-enduronlnewsite\/38131\/2017-ek-enduro-29-30-april-gouveia-portugal\/\">2017 EK enduro, 29-30 april, Gouveia, Portugal<\/a><\/li><li class=\"listing-item\"><a class=\"title\" href=\"https:\/\/enduro.nl\/wordpress-enduronlnewsite\/36371\/2016-ek-enduro-finale-28-29-oktober-harfsen-nederland\/\">2016 EK enduro finale , 28-29 oktober, Harfsen, Nederland<\/a><\/li><li class=\"listing-item\"><a class=\"title\" href=\"https:\/\/enduro.nl\/wordpress-enduronlnewsite\/35616\/2016-ek-enduro-30-31-juli-ogre-letland\/\">2016 EK enduro, 30-31 juli, Ogre, Letland<\/a><\/li><li class=\"listing-item\"><a class=\"title\" href=\"https:\/\/enduro.nl\/wordpress-enduronlnewsite\/34910\/2016-ek-enduro-26-27-maart-brioude-frankrijk\/\">2016 EK enduro, 26 \u2013 27 maart, Brioude, Frankrijk<\/a><\/li><li class=\"listing-item\"><a class=\"title\" href=\"https:\/\/enduro.nl\/wordpress-enduronlnewsite\/34501\/2016-ek-enduro-12-13-maart-donoratico-italie\/\">2016 EK enduro, 12 &#8211; 13 maart, Donoratico, Itali\u00eb<\/a><\/li><li class=\"listing-item\"><a class=\"title\" href=\"https:\/\/enduro.nl\/wordpress-enduronlnewsite\/32314\/2015-ek-enduro-finale-31-oktober-1-november-rudersdorf-duitsland\/\">2015 EK enduro finale, 31 oktober-1 november, R\u00fcdersdorf, Duitsland<\/a><\/li><li class=\"listing-item\"><a class=\"title\" href=\"https:\/\/enduro.nl\/wordpress-enduronlnewsite\/30895\/2015-ek-enduro-8-9-augustus-jamsa-finland\/\">2015 EK enduro, 8-9 augustus, J\u00e4ms\u00e4, Finland<\/a><\/li><li class=\"listing-item\"><a class=\"title\" href=\"https:\/\/enduro.nl\/wordpress-enduronlnewsite\/30708\/2015-wk-enduro-10-12-juli-saint-hubert-belgie\/\">2015 WK enduro, 10 &#8211; 12 juli, Saint Hubert, Belgi\u00eb<\/a><\/li><li class=\"listing-item\"><a class=\"title\" href=\"https:\/\/enduro.nl\/wordpress-enduronlnewsite\/30672\/2015-ek-enduro-30-31-mei-buzet-kroatie\/\">2015 EK enduro, 30-31 mei, Buzet, Kroati\u00eb<\/a><\/li><li class=\"listing-item\"><a class=\"title\" href=\"https:\/\/enduro.nl\/wordpress-enduronlnewsite\/29794\/2015-ek-enduro-11-12-april-rieti-italie\/\">2015 EK enduro, 11 &#8211; 12 april, Rieti, Itali\u00eb<\/a><\/li><li class=\"listing-item\"><a class=\"title\" href=\"https:\/\/enduro.nl\/wordpress-enduronlnewsite\/26368\/2014-ek-enduro-6-7-september-uhlirske-janovice-tsjechie\/\">2014 EK enduro, 6 &#8211; 7 september, Uhl\u00ed\u0159sk\u00e9 Janovice, Tsjechi\u00eb<\/a><\/li><li class=\"listing-item\"><a class=\"title\" href=\"https:\/\/enduro.nl\/wordpress-enduronlnewsite\/25123\/2014-ek-enduro-28-29-juni-casanova-di-staffora-italie\/\">2014 EK enduro, 28 &#8211; 29 juni, Casanova di Staffora, Itali\u00eb<\/a><\/li><li class=\"listing-item\"><a class=\"title\" href=\"https:\/\/enduro.nl\/wordpress-enduronlnewsite\/24910\/2014-ek-enduro-31-mei-1-juni-bacau-roemenie\/\">2014 EK enduro, 31 mei &#8211; 1 juni, Bacau, Roemeni\u00eb<\/a><\/li><li class=\"listing-item\"><a class=\"title\" href=\"https:\/\/enduro.nl\/wordpress-enduronlnewsite\/24665\/2014-wk-enduro-5-6-april-solsona-spanje\/\">2014 WK enduro, 5 &#8211; 6 april, Solsona, Spanje<\/a><\/li><li class=\"listing-item\"><a class=\"title\" href=\"https:\/\/enduro.nl\/wordpress-enduronlnewsite\/24372\/2014-ek-enduro-29-30-maart-antas-spanje\/\">2014 EK enduro, 29 &#8211; 30 maart, Antas, Spanje<\/a><\/li><li class=\"listing-item\"><a class=\"title\" href=\"https:\/\/enduro.nl\/wordpress-enduronlnewsite\/22233\/2013-ek-enduro-finale-18-20-oktober-ourem-portugal\/\">2013 EK enduro finale, 18-20 oktober, Ourem, Portugal<\/a><\/li><li class=\"listing-item\"><a class=\"title\" href=\"https:\/\/enduro.nl\/wordpress-enduronlnewsite\/20680\/2013-ek-enduro-24-25-augustus-uhlirske-janovice-tsjechie\/\">2013 EK enduro, 24-25 augustus, Uhl\u00ed\u0159sk\u00e9 Janovice, Tsjechi\u00eb<\/a><\/li><li class=\"listing-item\"><a class=\"title\" href=\"https:\/\/enduro.nl\/wordpress-enduronlnewsite\/20272\/2013-ek-enduro-8-9-juni-bar-sur-seine-frankrijk\/\">2013 EK enduro, 8-9 juni, Bar sur Seine, Frankrijk<\/a><\/li><li class=\"listing-item\"><a class=\"title\" href=\"https:\/\/enduro.nl\/wordpress-enduronlnewsite\/19595\/2013-ek-enduro-27-28-april-bussi-sul-tirino-italie\/\">2013 EK enduro, 27-28 april, Bussi sul Tirino, Itali\u00eb<\/a><\/li><li class=\"listing-item\"><a class=\"title\" href=\"https:\/\/enduro.nl\/wordpress-enduronlnewsite\/15746\/2012-ek-enduro-17-19-augustus-krompachy-slowakije\/\">2012 EK Enduro, 17-19 augustus, Krompachy, Slowakije<\/a><\/li><li class=\"listing-item\"><a class=\"title\" href=\"https:\/\/enduro.nl\/wordpress-enduronlnewsite\/15510\/2012-ek-enduro-28-29-juli-ogre-letland\/\">2012 EK Enduro, 28-29 juli, Ogre, Letland<\/a><\/li><li class=\"listing-item\"><a class=\"title\" href=\"https:\/\/enduro.nl\/wordpress-enduronlnewsite\/15482\/2012-ek-enduro-21-22-juli-paikuse-estland\/\">2012 EK Enduro, 21-22 juli, Paikuse, Estland<\/a><\/li><li class=\"listing-item\"><a class=\"title\" href=\"https:\/\/enduro.nl\/wordpress-enduronlnewsite\/14887\/2012-ek-enduro-26-27-mei-arsie-italie\/\">2012 EK Enduro, 26-27 mei, Arsi\u00e8, Itali\u00eb<\/a><\/li><li class=\"listing-item\"><a class=\"title\" href=\"https:\/\/enduro.nl\/wordpress-enduronlnewsite\/10873\/2011-ek-enduro-16-17-en-18-september-riom-es-montagnes-frankrijk\/\">2011 EK Enduro, 16, 17 en 18 september, Riom-es-Montagnes, Frankrijk<\/a><\/li><li class=\"listing-item\"><a class=\"title\" href=\"https:\/\/enduro.nl\/wordpress-enduronlnewsite\/9944\/2011-ek-enduro-4-en-5-juni-comanesti-roemenie\/\">2011 EK Enduro, 4 en 5 juni, Comanesti, Roemeni\u00eb<\/a><\/li><li class=\"listing-item\"><a class=\"title\" href=\"https:\/\/enduro.nl\/wordpress-enduronlnewsite\/9567\/2011-ek-enduro-7-en-8-mei-kielce-polen\/\">2011 EK Enduro, 7 en 8 mei, Kielce, Polen<\/a><\/li><li class=\"listing-item\"><a class=\"title\" href=\"https:\/\/enduro.nl\/wordpress-enduronlnewsite\/7531\/2010-ek-enduro-10-11-12-september-oliveira-portugal\/\">2010 EK Enduro, 10, 11, 12 september, Oliveira, Portugal<\/a><\/li><li class=\"listing-item\"><a class=\"title\" href=\"https:\/\/enduro.nl\/wordpress-enduronlnewsite\/6701\/2010-ek-enduro-17-18-juli-val-di-nizza-italie\/\">2010 EK Enduro, 17-18 juli, Val di Nizza, Itali\u00eb<\/a><\/li><li class=\"listing-item\"><a class=\"title\" href=\"https:\/\/enduro.nl\/wordpress-enduronlnewsite\/6498\/2010-ek-enduro-26-27-juni-kielce-polen\/\">2010 EK Enduro, 26-27 juni, Kielce, Polen<\/a><\/li><li class=\"listing-item\"><a class=\"title\" href=\"https:\/\/enduro.nl\/wordpress-enduronlnewsite\/5898\/2010-ek-enduro-1-2-mei-boussac-frankrijk\/\">2010 EK Enduro, 1-2 mei, Boussac, Frankrijk<\/a><\/li><li class=\"listing-item\"><a class=\"title\" href=\"https:\/\/enduro.nl\/wordpress-enduronlnewsite\/2190\/2009-ek-enduro-finale-18-20-september-castiglion-fiorentino-italie\/\">2009 EK Enduro finale, 18-20 september, Castiglion Fiorentino, Italie<\/a><\/li><li class=\"listing-item\"><a class=\"title\" href=\"https:\/\/enduro.nl\/wordpress-enduronlnewsite\/2201\/2009-wk-enduro-finale12-13-september-wk-enduro-finale-in-st-flour-frankrijk\/\">2009 WK Enduro finale, 12-13 september, St-Flour, Frankrijk<\/a><\/li><li class=\"listing-item\"><a class=\"title\" href=\"https:\/\/enduro.nl\/wordpress-enduronlnewsite\/2052\/2009-ek-enduro-15-16-augustus-vysny-medzev-slowakije\/\">2009 EK Enduro, 15-16 augustus, Vysny Medzev, Slowakije<\/a><\/li><li class=\"listing-item\"><a class=\"title\" href=\"https:\/\/enduro.nl\/wordpress-enduronlnewsite\/875\/2009-ek-enduro-30-31-mei-tokod-hongarije\/\">2009 EK Enduro, 30-31 mei, Tokod, Hongarije<\/a><\/li><li class=\"listing-item\"><a class=\"title\" href=\"https:\/\/enduro.nl\/wordpress-enduronlnewsite\/889\/2009-ek-enduro-11-12-april-riom-es-montagnes-frankrijk\/\">2009 EK enduro, 11-12 april, Riom \u00e8s Montagnes, Frankrijk<\/a><\/li><li class=\"listing-item\"><a class=\"title\" href=\"https:\/\/enduro.nl\/wordpress-enduronlnewsite\/1097\/2008-ek-enduro-17-19-oktober-hengelo-nederland\/\">2008 EK enduro, 17-19 oktober, Hengelo, Nederland<\/a><\/li><li class=\"listing-item\"><a class=\"title\" href=\"https:\/\/enduro.nl\/wordpress-enduronlnewsite\/1086\/2008-ek-enduro-2-3-augustus-vidrizi-letland\/\">2008 EK enduro, 2-3 augustus, Vidrizi, Letland<\/a><\/li><li class=\"listing-item\"><a class=\"title\" href=\"https:\/\/enduro.nl\/wordpress-enduronlnewsite\/988\/2008-ek-10-11-mei-oliveira-do-hospital-portugal\/\">2008 EK, 10-11 mei, Oliveira do Hospital, Portugal<\/a><\/li><li class=\"listing-item\"><a class=\"title\" href=\"https:\/\/enduro.nl\/wordpress-enduronlnewsite\/975\/2008-ek-enduro-19-20-april-letojanni-sicilie\/\">2008 EK Enduro, 19-20 april, Letojanni, Sicili\u00eb<\/a><\/li><\/ul>\n","protected":false},"excerpt":{"rendered":"","protected":false},"author":1,"featured_media":0,"parent":0,"menu_order":0,"comment_status":"closed","ping_status":"closed","template":"page-templates\/sidebar.php","meta":{"footnotes":""},"class_list":["post-5246","page","type-page","status-publish","hentry"],"_links":{"self":[{"href":"https:\/\/enduro.nl\/wordpress-enduronlnewsite\/wp-json\/wp\/v2\/pages\/5246","targetHints":{"allow":["GET"]}}],"collection":[{"href":"https:\/\/enduro.nl\/wordpress-enduronlnewsite\/wp-json\/wp\/v2\/pages"}],"about":[{"href":"https:\/\/enduro.nl\/wordpress-enduronlnewsite\/wp-json\/wp\/v2\/types\/page"}],"author":[{"embeddable":true,"href":"https:\/\/enduro.nl\/wordpress-enduronlnewsite\/wp-json\/wp\/v2\/users\/1"}],"replies":[{"embeddable":true,"href":"https:\/\/enduro.nl\/wordpress-enduronlnewsite\/wp-json\/wp\/v2\/comments?post=5246"}],"version-history":[{"count":2,"href":"https:\/\/enduro.nl\/wordpress-enduronlnewsite\/wp-json\/wp\/v2\/pages\/5246\/revisions"}],"predecessor-version":[{"id":49387,"href":"https:\/\/enduro.nl\/wordpress-enduronlnewsite\/wp-json\/wp\/v2\/pages\/5246\/revisions\/49387"}],"wp:attachment":[{"href":"https:\/\/enduro.nl\/wordpress-enduronlnewsite\/wp-json\/wp\/v2\/media?parent=5246"}],"curies":[{"name":"wp","href":"https:\/\/api.w.org\/{rel}","templated":true}]}}